{"id":84,"date":"2020-05-14T15:10:51","date_gmt":"2020-05-14T15:10:51","guid":{"rendered":"https:\/\/www.tierrasdeprestamo.com\/index.php\/mesmerize\/"},"modified":"2020-12-22T21:16:05","modified_gmt":"2020-12-22T21:16:05","slug":"mesmerize","status":"publish","type":"page","link":"https:\/\/www.tierrasdeprestamo.com\/","title":{"rendered":"Tierras De Pr\u00e9stamo"},"content":{"rendered":"\t\t<div data-elementor-type=\"wp-page\" data-elementor-id=\"84\" class=\"elementor elementor-84\">\n\t\t\t\t\t\t<div class=\"elementor-inner\">\n\t\t\t\t<div class=\"elementor-section-wrap\">\n\t\t\t\t\t\t\t\t\t<section class=\"elementor-section elementor-top-section elementor-element elementor-element-34ab9133 elementor-section-boxed elementor-section-height-default elementor-section-height-default\" data-id=\"34ab9133\" data-element_type=\"section\">\n\t\t\t\t\t\t<div class=\"elementor-container elementor-column-gap-default\">\n\t\t\t\t\t\t\t<div class=\"elementor-row\">\n\t\t\t\t\t<div class=\"elementor-column elementor-col-100 elementor-top-column elementor-element elementor-element-6057d23c\" data-id=\"6057d23c\" data-element_type=\"column\">\n\t\t\t<div class=\"elementor-column-wrap elementor-element-populated\">\n\t\t\t\t\t\t\t<div class=\"elementor-widget-wrap\">\n\t\t\t\t\t\t<div class=\"elementor-element elementor-element-237755de elementor-widget elementor-widget-text-editor\" data-id=\"237755de\" data-element_type=\"widget\" data-widget_type=\"text-editor.default\">\n\t\t\t\t<div class=\"elementor-widget-container\">\n\t\t\t\t\t\t\t\t<div class=\"elementor-text-editor elementor-clearfix\">\n\t\t\t\t<div  id=\"nosotros\" style=\"background-color: #f5fafd;\" data-label=\"Nosotros\" data-id=\"about-images-right-section-mc\" data-export-id=\"about-images-right-section-mc\" data-bullets-visibility=\"true\" data-category=\"about\" class=\"about-images-right-section-mc content-section content-section-spacing\"><div  class=\"gridContainer\"> <div  class=\"row middle-sm text-center\"><div  class=\"col-sm-5 content-left-sm\" data-type=\"column\"> <h5  class=\"\">Que hacemos?<\/h5> <h2  class=\"\">Reducimos<br > <span  style=\"font-family: Playfair Display,sans-serif; font-weight: 700; font-style: italic;\" href=\"#\">Costes<\/span> en tus movimientos de tierra!<\/h2> <p  class=\"\">Hemos creado este portal,  con la  finalidad de ahorrarle considerablemente en el coste de las partidas de movimientos de tierras, tanto de excavaci\u00f3n como de relleno, si a usted le sobra como si le falta material en su obra, solo tiene que seguir unos sencillos pasos que le indican en la web, nos pondremos en contacto inmetiatamente, llevamos m\u00e1s de 20 a\u00f1os haciendo este trabajo que ahora hemos plasmado ONLINE, dada la extensa informaci\u00f3n de que disponemos se puede hacer coincidir en el tiempo una obra de excavaci\u00f3n con otra de relleno, con el considerable ahorro para las dos obras, tanto en el transporte como en el material. La informaci\u00f3n que usted nos facilite es totalmente confidencial entre ustedes y nosotros.<\/p> <a class=\"button color1\" href=\"https:\/\/www.tierrasdeprestamo.com\" target=\"_self\" data-cp-link=\"1\" rel=\"noopener noreferrer\">Empieza hoy <\/a><\/div> <div  class=\"col-sm-7 space-bottom-xs\"><div  class=\"image-group-side-3-img\"> <img  class=\"topimg shadow-large\" src=\"https:\/\/www.tierrasdeprestamo.com\/wp-content\/uploads\/2020\/05\/cropped-movimientos-de-tierra-2-scaled-1.jpg\" alt=\"\" title=\"cropped-movimientos-de-tierra-2-scaled-1.jpg\"> <img  class=\"rightimg shadow-large\" src=\"https:\/\/www.tierrasdeprestamo.com\/wp-content\/uploads\/2020\/05\/cropped-superficies-portantes-scaled-2.jpg\" alt=\"\" title=\"cropped-superficies-portantes-scaled-2.jpg\"> <div  class=\"leftimg\"> <img  class=\"shadow-large\" src=\"https:\/\/www.tierrasdeprestamo.com\/wp-content\/uploads\/2020\/05\/cropped-movimientos-de-tierra-1-scaled-1.jpg\" alt=\"\" title=\"cropped-movimientos-de-tierra-1-scaled-1.jpg\"><\/div> <\/div><\/div> <\/div><\/div> <\/div><div  id=\"features-2\" style=\"background-color: #ffffff;\" data-label=\"Features\" data-id=\"features-ov-4-mc\" data-export-id=\"features-ov-4-mc\" data-category=\"features\" class=\"features-ov-4-mc content-section content-section-spacing\"><div  class=\"gridContainer\"> <div  data-type=\"row\" class=\"row spaced-cols text-center\"><div  class=\"col-xs-12 col-sm-4 col-padding\">  <div  data-type=\"column\" class=\"\"> <img  class=\"custom-image\" src=\"https:\/\/www.tierrasdeprestamo.com\/wp-content\/uploads\/2020\/05\/cropped-probeta_318-2016-e1589882029613.jpg\" alt=\"\" title=\"cropped-probeta_318-2016-e1589882029613.jpg\"><h5  class=\"font-400\">ENSAYOS<\/h5> <p  class=\"\">Todos los materiales en operaciones de relleno son ensayados por un laboratorio homologado a requerimiento del cliente&nbsp;<\/p><\/div> <\/div> <div  class=\"col-xs-12 col-sm-4 col-padding\">  <div  data-type=\"column\" class=\"\"><img  class=\"custom-image\" src=\"https:\/\/www.tierrasdeprestamo.com\/wp-content\/uploads\/2020\/05\/cropped-istockphoto-1166798273-170667a-e1589882125806.jpg\" alt=\"\" title=\"cropped-istockphoto-1166798273-170667a-e1589882125806.jpg\"><h5  class=\"font-400\">SEGUIMIENTO<\/h5> <p  class=\"\">Seguimiento exhaustivo y permanente hasta finalizar los trabajos<\/p><\/div> <\/div> <div  class=\"col-xs-12 col-sm-4 col-padding\">  <div  data-type=\"column\" class=\"\"><img  class=\"custom-image\" src=\"https:\/\/www.tierrasdeprestamo.com\/wp-content\/uploads\/2020\/05\/cropped-reciclaje-logo-696x696-1-e1589883084758.png\" alt=\"\" title=\"cropped-reciclaje-logo-696x696-1-e1589883084758.png\"><h5  class=\"font-400\">RCD,S<\/h5> <p  class=\"\">Fomentamos la valorizacion de residuos procedentes de construccion y demolicion (RCD,S)<\/p><\/div> <\/div><\/div> <\/div><\/div><div  id=\"contact-1\" style=\"background-color: #ffffff;\" data-label=\"Contact\" data-id=\"contact-1-mc\" data-export-id=\"contact-1-mc\" data-category=\"contact\" class=\"contact-1-mc content-section content-section-spacing white-text\" data-parallax-depth=\"20\" data-bullets-visibility=\"true\"><div  class=\"gridContainer\"> <div  class=\"row text-center\"><div  class=\"section-title-col\" data-type=\"column\"> <h5  class=\"\">Contacta con Nosotros&nbsp;<\/h5> <h2  class=\"\">Contactanos&nbsp;<\/h2> <p  class=\"lead\">NUestro equipo se pondra en contacto contigo muy pronto&nbsp;<\/p><\/div> <\/div> <div  class=\"row text-center\"> <div  class=\"col-xs-12 col-sm-8 col-sm-offset-2 contact-form-wrapper inline-info\"> <div  class=\"card large-padding\"> <div  class=\"\" data-content-shortcode=\"mesmerize_contact_form\" data-editable=\"true\"><p style=\"text-align:center;color:#ababab\">El formulario de contacto aparecer\u00e1 aqu\u00ed. Para activarlo, debes ajustar el par\u00e1metro \u00abshortcode formulario de contacto\u201d en el personalizador.<\/p><\/div><\/div> <\/div><\/div> <\/div><\/div>\t\t\t\t\t<\/div>\n\t\t\t\t\t\t<\/div>\n\t\t\t\t<\/div>\n\t\t\t\t\t\t<\/div>\n\t\t\t\t\t<\/div>\n\t\t<\/div>\n\t\t\t\t\t\t\t\t<\/div>\n\t\t\t\t\t<\/div>\n\t\t<\/section>\n\t\t\t\t\t\t\t\t\t<\/div>\n\t\t\t<\/div>\n\t\t\t\t\t<\/div>\n\t\t","protected":false},"excerpt":{"rendered":"","protected":false},"author":1,"featured_media":0,"parent":0,"menu_order":0,"comment_status":"closed","ping_status":"closed","template":"page-templates\/homepage.php","meta":[],"yoast_head":"<!-- This site is optimized with the Yoast SEO plugin v18.6 - https:\/\/yoast.com\/wordpress\/plugins\/seo\/ -->\n<title>Tierras De Pr\u00e9stamo &gt; TIERRAS DE PRESTAMO<\/title>\n<meta name=\"robots\" content=\"index, follow, max-snippet:-1, max-image-preview:large, max-video-preview:-1\" \/>\n<link rel=\"canonical\" href=\"https:\/\/www.tierrasdeprestamo.com\/\" \/>\n<meta property=\"og:locale\" content=\"es_ES\" \/>\n<meta property=\"og:type\" content=\"article\" \/>\n<meta property=\"og:title\" content=\"Tierras De Pr\u00e9stamo &gt; TIERRAS DE PRESTAMO\" \/>\n<meta property=\"og:url\" content=\"https:\/\/www.tierrasdeprestamo.com\/\" \/>\n<meta property=\"og:site_name\" content=\"TIERRAS DE PRESTAMO\" \/>\n<meta property=\"article:modified_time\" content=\"2020-12-22T21:16:05+00:00\" \/>\n<meta name=\"twitter:card\" content=\"summary_large_image\" \/>\n<script type=\"application\/ld+json\" class=\"yoast-schema-graph\">{\"@context\":\"https:\/\/schema.org\",\"@graph\":[{\"@type\":\"Organization\",\"@id\":\"https:\/\/www.tierrasdeprestamo.com\/#organization\",\"name\":\"Tierras de pr\u00e9stamo\",\"url\":\"https:\/\/www.tierrasdeprestamo.com\/\",\"sameAs\":[],\"logo\":{\"@type\":\"ImageObject\",\"@id\":\"https:\/\/www.tierrasdeprestamo.com\/#logo\",\"inLanguage\":\"es\",\"url\":\"https:\/\/www.tierrasdeprestamo.com\/wp-content\/uploads\/2020\/05\/logo-pequen\u0303o.png\",\"contentUrl\":\"https:\/\/www.tierrasdeprestamo.com\/wp-content\/uploads\/2020\/05\/logo-pequen\u0303o.png\",\"width\":512,\"height\":512,\"caption\":\"Tierras de pr\u00e9stamo\"},\"image\":{\"@id\":\"https:\/\/www.tierrasdeprestamo.com\/#logo\"}},{\"@type\":\"WebSite\",\"@id\":\"https:\/\/www.tierrasdeprestamo.com\/#website\",\"url\":\"https:\/\/www.tierrasdeprestamo.com\/\",\"name\":\"TIERRAS DE PRESTAMO\",\"description\":\"- Movimientos de tierra\",\"publisher\":{\"@id\":\"https:\/\/www.tierrasdeprestamo.com\/#organization\"},\"potentialAction\":[{\"@type\":\"SearchAction\",\"target\":{\"@type\":\"EntryPoint\",\"urlTemplate\":\"https:\/\/www.tierrasdeprestamo.com\/?s={search_term_string}\"},\"query-input\":\"required name=search_term_string\"}],\"inLanguage\":\"es\"},{\"@type\":\"WebPage\",\"@id\":\"https:\/\/www.tierrasdeprestamo.com\/#webpage\",\"url\":\"https:\/\/www.tierrasdeprestamo.com\/\",\"name\":\"Tierras De Pr\u00e9stamo &gt; TIERRAS DE PRESTAMO\",\"isPartOf\":{\"@id\":\"https:\/\/www.tierrasdeprestamo.com\/#website\"},\"datePublished\":\"2020-05-14T15:10:51+00:00\",\"dateModified\":\"2020-12-22T21:16:05+00:00\",\"breadcrumb\":{\"@id\":\"https:\/\/www.tierrasdeprestamo.com\/#breadcrumb\"},\"inLanguage\":\"es\",\"potentialAction\":[{\"@type\":\"ReadAction\",\"target\":[\"https:\/\/www.tierrasdeprestamo.com\/\"]}]},{\"@type\":\"BreadcrumbList\",\"@id\":\"https:\/\/www.tierrasdeprestamo.com\/#breadcrumb\",\"itemListElement\":[{\"@type\":\"ListItem\",\"position\":1,\"name\":\"Portada\",\"item\":\"https:\/\/www.tierrasdeprestamo.com\/\"},{\"@type\":\"ListItem\",\"position\":2,\"name\":\"Tierras De Pr\u00e9stamo\"}]}]}<\/script>\n<!-- \/ Yoast SEO plugin. -->","yoast_head_json":{"title":"Tierras De Pr\u00e9stamo &gt; TIERRAS DE PRESTAMO","robots":{"index":"index","follow":"follow","max-snippet":"max-snippet:-1","max-image-preview":"max-image-preview:large","max-video-preview":"max-video-preview:-1"},"canonical":"https:\/\/www.tierrasdeprestamo.com\/","og_locale":"es_ES","og_type":"article","og_title":"Tierras De Pr\u00e9stamo &gt; TIERRAS DE PRESTAMO","og_url":"https:\/\/www.tierrasdeprestamo.com\/","og_site_name":"TIERRAS DE PRESTAMO","article_modified_time":"2020-12-22T21:16:05+00:00","twitter_card":"summary_large_image","schema":{"@context":"https:\/\/schema.org","@graph":[{"@type":"Organization","@id":"https:\/\/www.tierrasdeprestamo.com\/#organization","name":"Tierras de pr\u00e9stamo","url":"https:\/\/www.tierrasdeprestamo.com\/","sameAs":[],"logo":{"@type":"ImageObject","@id":"https:\/\/www.tierrasdeprestamo.com\/#logo","inLanguage":"es","url":"https:\/\/www.tierrasdeprestamo.com\/wp-content\/uploads\/2020\/05\/logo-pequen\u0303o.png","contentUrl":"https:\/\/www.tierrasdeprestamo.com\/wp-content\/uploads\/2020\/05\/logo-pequen\u0303o.png","width":512,"height":512,"caption":"Tierras de pr\u00e9stamo"},"image":{"@id":"https:\/\/www.tierrasdeprestamo.com\/#logo"}},{"@type":"WebSite","@id":"https:\/\/www.tierrasdeprestamo.com\/#website","url":"https:\/\/www.tierrasdeprestamo.com\/","name":"TIERRAS DE PRESTAMO","description":"- Movimientos de tierra","publisher":{"@id":"https:\/\/www.tierrasdeprestamo.com\/#organization"},"potentialAction":[{"@type":"SearchAction","target":{"@type":"EntryPoint","urlTemplate":"https:\/\/www.tierrasdeprestamo.com\/?s={search_term_string}"},"query-input":"required name=search_term_string"}],"inLanguage":"es"},{"@type":"WebPage","@id":"https:\/\/www.tierrasdeprestamo.com\/#webpage","url":"https:\/\/www.tierrasdeprestamo.com\/","name":"Tierras De Pr\u00e9stamo &gt; TIERRAS DE PRESTAMO","isPartOf":{"@id":"https:\/\/www.tierrasdeprestamo.com\/#website"},"datePublished":"2020-05-14T15:10:51+00:00","dateModified":"2020-12-22T21:16:05+00:00","breadcrumb":{"@id":"https:\/\/www.tierrasdeprestamo.com\/#breadcrumb"},"inLanguage":"es","potentialAction":[{"@type":"ReadAction","target":["https:\/\/www.tierrasdeprestamo.com\/"]}]},{"@type":"BreadcrumbList","@id":"https:\/\/www.tierrasdeprestamo.com\/#breadcrumb","itemListElement":[{"@type":"ListItem","position":1,"name":"Portada","item":"https:\/\/www.tierrasdeprestamo.com\/"},{"@type":"ListItem","position":2,"name":"Tierras De Pr\u00e9stamo"}]}]}},"_links":{"self":[{"href":"https:\/\/www.tierrasdeprestamo.com\/index.php\/wp-json\/wp\/v2\/pages\/84"}],"collection":[{"href":"https:\/\/www.tierrasdeprestamo.com\/index.php\/wp-json\/wp\/v2\/pages"}],"about":[{"href":"https:\/\/www.tierrasdeprestamo.com\/index.php\/wp-json\/wp\/v2\/types\/page"}],"author":[{"embeddable":true,"href":"https:\/\/www.tierrasdeprestamo.com\/index.php\/wp-json\/wp\/v2\/users\/1"}],"replies":[{"embeddable":true,"href":"https:\/\/www.tierrasdeprestamo.com\/index.php\/wp-json\/wp\/v2\/comments?post=84"}],"version-history":[{"count":29,"href":"https:\/\/www.tierrasdeprestamo.com\/index.php\/wp-json\/wp\/v2\/pages\/84\/revisions"}],"predecessor-version":[{"id":249,"href":"https:\/\/www.tierrasdeprestamo.com\/index.php\/wp-json\/wp\/v2\/pages\/84\/revisions\/249"}],"wp:attachment":[{"href":"https:\/\/www.tierrasdeprestamo.com\/index.php\/wp-json\/wp\/v2\/media?parent=84"}],"curies":[{"name":"wp","href":"https:\/\/api.w.org\/{rel}","templated":true}]}}